{"id":9,"date":"2015-10-01T16:38:39","date_gmt":"2015-10-01T15:38:39","guid":{"rendered":"http:\/\/wp.ovildanse.fr\/?page_id=8"},"modified":"2015-10-01T16:38:39","modified_gmt":"2015-10-01T15:38:39","slug":"adresses","status":"publish","type":"page","link":"https:\/\/test.ovildanse.fr\/draft\/index.php\/adresses\/","title":{"rendered":"Adresses utiles (salles)"},"content":{"rendered":"<p>T\u00e9l\u00e9charger la <a href=\"\/draft\/wp-content\/uploads\/2015\/12\/cartehouilles.pdf\" target=\"_blank\" rel=\"noopener noreferrer\">carte de la ville de Houilles<\/a><\/p>\n<p><big>Salle Katherine Johnson &#8211; <\/big><big>Ecole Ferdinand Buisson<\/big><br \/>\nLieu de tous les cours et des soir\u00e9es du vendredi<br \/>\n5 rue Ferdinand Buisson<br \/>\n78800 Houilles<br \/>\nAcc\u00e8s depuis le RER A, Station Houilles Carri\u00e8res sur Seine et depuis le Tram 2 station Pont de Bezons<\/p>\n<p>Le stationnement aux abords du groupe scolaire Ferdinand Buisson \u00e9tant difficile (pas de parking notamment), il est conseill\u00e9 de vous garer sur le parking du gymnase Ostermeyer (voir plan ci-dessous)<\/p>\n<p><img loading=\"lazy\" decoding=\"async\" class=\"wp-image-2608 alignnone\"  title=\"\"  src=\"https:\/\/test.ovildanse.fr\/draft\/wp-content\/uploads\/2023\/08\/capto-capture-2023-08-30-12-07-38-pm-280x300.png\"  alt=\"capto-capture-2023-08-30-12-07-38-pm-280x300 Adresses utiles (salles)\"  width=\"481\" height=\"515\" \/><\/p>\n<p><img loading=\"lazy\" decoding=\"async\" class=\"wp-image-2609 alignnone\"  title=\"\"  src=\"https:\/\/test.ovildanse.fr\/draft\/wp-content\/uploads\/2023\/08\/7f01e5cb-b0d7-481c-acf5-4e3509279e74-300x225.jpg\"  alt=\"7f01e5cb-b0d7-481c-acf5-4e3509279e74-300x225 Adresses utiles (salles)\"  width=\"399\" height=\"299\" \/> <img loading=\"lazy\" decoding=\"async\" class=\"size-medium wp-image-2610 alignnone\"  title=\"\"  src=\"https:\/\/test.ovildanse.fr\/draft\/wp-content\/uploads\/2023\/08\/whatsapp-image-2023-06-27-at-195724-225x300.jpeg\"  alt=\"whatsapp-image-2023-06-27-at-195724-225x300 Adresses utiles (salles)\"  width=\"225\" height=\"300\" \/><\/p>\n<p style=\"text-align: left;\"><big>Salle Cousteau<\/big><br \/>\nLieu des stages du dimanche et des grandes soir\u00e9es<br \/>\n88 rue Diderot<br \/>\n78800 Houilles<\/p>\n<p style=\"text-align: left;\"><big>Salle Marceau<\/big><br \/>\nLieu de certains cours de rattrapage<br \/>\n6 rue Marceau<br \/>\n78800 Houilles<\/p>\n<p><a href=\"https:\/\/test.ovildanse.fr\/draft\/wp-content\/uploads\/2015\/10\/marceau.jpg\"><img  title=\"\" loading=\"lazy\" decoding=\"async\" class=\"alignnone wp-image-131 size-full\" src=\"https:\/\/test.ovildanse.fr\/draft\/wp-content\/uploads\/2015\/10\/marceau.jpg\"  alt=\"marceau Adresses utiles (salles)\"  width=\"569\" height=\"316\" srcset=\"https:\/\/test.ovildanse.fr\/draft\/wp-content\/uploads\/2015\/10\/marceau.jpg 569w, https:\/\/test.ovildanse.fr\/draft\/wp-content\/uploads\/2015\/10\/marceau-300x167.jpg 300w\" sizes=\"auto, (max-width: 569px) 100vw, 569px\" \/><\/a><br \/>\nAcc\u00e8s : \u00e0 pied en prenant l&rsquo;escalier depuis la rue de la Marne. Ensuite il faut suivre le panneau et monter des escaliers pour acc\u00e9der \u00e0 la salle.<\/p>\n<p><big>Salle Michelet<br \/>\n<\/big>19 place Michelet<br \/>\n78800 Houilles<br \/>\n<a href=\"https:\/\/test.ovildanse.fr\/draft\/wp-content\/uploads\/2015\/10\/michelet.jpg\"><img  title=\"\" loading=\"lazy\" decoding=\"async\" class=\"alignnone wp-image-132 size-full\" src=\"https:\/\/test.ovildanse.fr\/draft\/wp-content\/uploads\/2015\/10\/michelet.jpg\"  alt=\"michelet Adresses utiles (salles)\"  width=\"449\" height=\"293\" srcset=\"https:\/\/test.ovildanse.fr\/draft\/wp-content\/uploads\/2015\/10\/michelet.jpg 449w, https:\/\/test.ovildanse.fr\/draft\/wp-content\/uploads\/2015\/10\/michelet-300x196.jpg 300w\" sizes=\"auto, (max-width: 449px) 100vw, 449px\" \/><\/a><br \/>\n<big><br \/>\nGymnase Jean Guimier<\/big><br \/>\nLieu de certains cours de rattrapage<br \/>\n45 rue Condorcet<br \/>\n78800 Houilles<br \/>\n<a href=\"https:\/\/test.ovildanse.fr\/draft\/wp-content\/uploads\/2015\/10\/guimier.jpg\"><img  title=\"\" loading=\"lazy\" decoding=\"async\" class=\"alignnone wp-image-130 size-full\" src=\"https:\/\/test.ovildanse.fr\/draft\/wp-content\/uploads\/2015\/10\/guimier.jpg\"  alt=\"guimier Adresses utiles (salles)\"  width=\"440\" height=\"258\" srcset=\"https:\/\/test.ovildanse.fr\/draft\/wp-content\/uploads\/2015\/10\/guimier.jpg 440w, https:\/\/test.ovildanse.fr\/draft\/wp-content\/uploads\/2015\/10\/guimier-300x176.jpg 300w\" sizes=\"auto, (max-width: 440px) 100vw, 440px\" \/><\/a><br \/>\nAcc\u00e8s: <a href=\"http:\/\/maps.google.fr\/maps?hl=fr&amp;client=firefox-a&amp;hs=ZnE&amp;rls=org.mozilla:fr:official&amp;q=google+map+43+rue+Thiers++78800+Houilles&amp;um=1&amp;ie=UTF-8&amp;hq=&amp;hnear=43+Rue+Thiers,+78800+Houilles&amp;gl=fr&amp;ei=x3r1TIuNGMawhQef29mMBg&amp;sa=X&amp;oi=geocode_result&amp;ct=title&amp;resnum=1&amp;ved=0CBkQ8gEwAA\" target=\"_blank\" rel=\"noopener noreferrer\">voir carte<\/a><\/p>\n<p><big>Si\u00e8ge Ovil&rsquo;Danse<\/big><br \/>\n15 rue Ledru Rollin<br \/>\n78800 Houilles<br \/>\ntel: 09.50.67.61.18<br \/>\ne-mail: <a href=\"mailto:contact@ovildanse.fr\">contact@ovildanse.fr<\/a><\/p>\n<p><center><small>Nous remercions la mairie de Houilles, qui nous met \u00e0 disposition gracieusement ces salles pour pratiquer les danses enseign\u00e9es \u00e0 Ovil&rsquo;Danse<\/small><\/center><\/p>\n","protected":false},"excerpt":{"rendered":"<p>T\u00e9l\u00e9charger la carte de la ville de Houilles Salle Katherine Johnson &#8211; Ecole Ferdinand Buisson Lieu de tous les cours et des soir\u00e9es du vendredi 5 rue Ferdinand Buisson 78800 Houilles Acc\u00e8s depuis le RER A, Station Houilles Carri\u00e8res sur Seine et depuis le Tram 2 station Pont de Bezons Le stationnement aux abords du [&hellip;]<\/p>\n","protected":false},"author":1,"featured_media":0,"parent":0,"menu_order":50,"comment_status":"closed","ping_status":"closed","template":"","meta":{"footnotes":""},"class_list":["post-9","page","type-page","status-publish","hentry"],"_links":{"self":[{"href":"https:\/\/test.ovildanse.fr\/draft\/index.php\/wp-json\/wp\/v2\/pages\/9","targetHints":{"allow":["GET"]}}],"collection":[{"href":"https:\/\/test.ovildanse.fr\/draft\/index.php\/wp-json\/wp\/v2\/pages"}],"about":[{"href":"https:\/\/test.ovildanse.fr\/draft\/index.php\/wp-json\/wp\/v2\/types\/page"}],"author":[{"embeddable":true,"href":"https:\/\/test.ovildanse.fr\/draft\/index.php\/wp-json\/wp\/v2\/users\/1"}],"replies":[{"embeddable":true,"href":"https:\/\/test.ovildanse.fr\/draft\/index.php\/wp-json\/wp\/v2\/comments?post=9"}],"version-history":[{"count":0,"href":"https:\/\/test.ovildanse.fr\/draft\/index.php\/wp-json\/wp\/v2\/pages\/9\/revisions"}],"wp:attachment":[{"href":"https:\/\/test.ovildanse.fr\/draft\/index.php\/wp-json\/wp\/v2\/media?parent=9"}],"curies":[{"name":"wp","href":"https:\/\/api.w.org\/{rel}","templated":true}]}}