{"id":8,"date":"2015-10-01T16:37:40","date_gmt":"2015-10-01T15:37:40","guid":{"rendered":"http:\/\/wp.ovildanse.fr\/?page_id=6"},"modified":"2015-10-01T16:37:40","modified_gmt":"2015-10-01T15:37:40","slug":"professeurs","status":"publish","type":"page","link":"https:\/\/test.ovildanse.fr\/draft\/index.php\/professeurs\/","title":{"rendered":"Professeurs"},"content":{"rendered":"<h1>Aurore et Romain<\/h1>\n<p><strong>Cours de West Coast Swing le mercredi<\/strong><\/p>\n<p><img  title=\"\" loading=\"lazy\" decoding=\"async\" class=\"alignnone  wp-image-3320\" src=\"https:\/\/test.ovildanse.fr\/draft\/wp-content\/uploads\/2025\/08\/aurore-et-romain-31.jpg\"  alt=\"aurore-et-romain-31 Professeurs\"  width=\"191\" height=\"268\" \/> <img  title=\"\" loading=\"lazy\" decoding=\"async\" class=\"alignnone  wp-image-3319\" src=\"https:\/\/test.ovildanse.fr\/draft\/wp-content\/uploads\/2025\/08\/aurore-et-romain-21.jpg\"  alt=\"aurore-et-romain-21 Professeurs\"  width=\"219\" height=\"268\" \/> <img  title=\"\" loading=\"lazy\" decoding=\"async\" class=\"alignnone  wp-image-3318\" src=\"https:\/\/test.ovildanse.fr\/draft\/wp-content\/uploads\/2025\/08\/aurore-et-romain-11.jpg\"  alt=\"aurore-et-romain-11 Professeurs\"  width=\"212\" height=\"267\" \/><\/p>\n<p class=\"font_8 wixui-rich-text__text\"><span class=\"wixui-rich-text__text\"><span class=\"color_12 wixui-rich-text__text\">Professeurs exp\u00e9riment\u00e9s et passionn\u00e9s de West Coast Swing,\u00a0<\/span><\/span><span class=\"wixui-rich-text__text\"><span class=\"color_12 wixui-rich-text__text\"><strong>Aurore<\/strong>, danseuse de profession, dispose de nombreuses ann\u00e9es d&rsquo;exp\u00e9rience dans l&rsquo;enseignement et la pratique de cette danse.<\/span><\/span><\/p>\n<p class=\"font_8 wixui-rich-text__text\"><span class=\"wixui-rich-text__text\"><span class=\"color_12 wixui-rich-text__text\"><strong>Romain<\/strong> commence le west coast swing et acquiert tr\u00e8s vite un niveau solide, forc<\/span><\/span><span class=\"wixui-rich-text__text\"><span class=\"color_12 wixui-rich-text__text\">e de travail et de passion afin de rejoindre Aurore en tant que partenaire et professeur.<\/span><\/span><\/p>\n<p class=\"font_8 wixui-rich-text__text\"><span class=\"wixui-rich-text__text\"><span class=\"color_12 wixui-rich-text__text\">Aurore et Romain s&rsquo;efforcent de cr\u00e9er une atmosph\u00e8re d&rsquo;apprentissage positive et encourageante, o\u00f9 chacun se sent \u00e0 l&rsquo;aise pour progresser \u00e0 son rythme dans la bonne humeur<\/span><\/span><\/p>\n<hr \/>\n<h1>John<\/h1>\n<p><strong>Cours de Zumba le lundi<\/strong><\/p>\n<p><img loading=\"lazy\" decoding=\"async\" class=\"aligncenter wp-image-2499\"  title=\"\"  src=\"https:\/\/test.ovildanse.fr\/draft\/wp-content\/uploads\/2022\/08\/12778700-918636041584524-1840703270319652166-o-200x300.jpg\"  alt=\"12778700-918636041584524-1840703270319652166-o-200x300 Professeurs\"  width=\"350\" height=\"525\" \/><\/p>\n<p>Educateur sportif<br \/>\n<a href=\"https:\/\/www.facebook.com\/jon.zumba\" target=\"_blank\" rel=\"noopener noreferrer\">https:\/\/www.facebook.com\/jon.zumba<\/a><\/p>\n<hr \/>\n<h1>Stef &amp; Sarah<\/h1>\n<p><strong>Cours de Kizomba le lundi<\/strong><\/p>\n<p><img loading=\"lazy\" decoding=\"async\" class=\"aligncenter wp-image-2620\"  title=\"\"  src=\"https:\/\/test.ovildanse.fr\/draft\/wp-content\/uploads\/2023\/09\/img-20211126-wa0001-228x300.jpg\"  alt=\"img-20211126-wa0001-228x300 Professeurs\"  width=\"350\" height=\"461\" \/><\/p>\n<p style=\"text-align: left;\"><strong>Sarah<\/strong> a fait ses premiers pas d\u00e8s son plus jeune \u00e2ge en danse classique, discipline qu&rsquo;elle continuera de nombreuses ann\u00e9es. Elle a ensuite pratiqu\u00e9 diff\u00e9rentes danses comme le moderne, le ladystyling, le heels, le bodymove et les danses urbaines, notamment l&rsquo;afrodance.<br \/>\nEn 2017 elle d\u00e9couvre les danses latines: la Salsa, la Bachata puis son coup de coeur : la Kizomba qu&rsquo;elle pratique depuis avec passion.<\/p>\n<p>Issu du milieu des danses carib\u00e9ennes, <strong>Stef<\/strong> connait la kizomba depuis les ann\u00e9es 2000 \u00e0 travers ses exp\u00e9riences au sein de la communaut\u00e9 cap verdienne. Il a commenc\u00e9 la kizomba en 2015.<\/p>\n<p>La rencontre de leur deux univers donna lieu a une collaboration en mai 2021.<br \/>\nStef et Sarah fusionnent les styles (Urbankiz, Kizomba Sensual, Kizomba Fusion) en s&rsquo;inspirant l&rsquo;un l&rsquo;autre en tant que danseurs et professeurs.<br \/>\nLeur univers artistique est caract\u00e9ris\u00e9 par l&rsquo;\u00e9l\u00e9gance, la pr\u00e9cision et la sensualit\u00e9.<br \/>\nStef et Sarah partagent leurs connaissances en donnant des cours plac\u00e9s sous le signe de la bienveillance et de la bonne humeur.<\/p>\n<p><a href=\"https:\/\/www.instagram.com\/reel\/CtETFgirSTn\/?igshid=MzRlODBiNWFlZA==\">instagram de Stef &amp; Sarah<\/a><\/p>\n<hr \/>\n<h1>Cl\u00e9ment &amp; C\u00e9line<\/h1>\n<p><strong>Cours de Bachata et de Salsa le mardi<\/strong> <strong>et le mardi<\/strong><\/p>\n<p><img loading=\"lazy\" decoding=\"async\" class=\"aligncenter wp-image-2589\"  title=\"\"  src=\"https:\/\/test.ovildanse.fr\/draft\/wp-content\/uploads\/2023\/08\/clement-celine-210x300.jpg\"  alt=\"clement-celine-210x300 Professeurs\"  width=\"350\" height=\"500\" \/><\/p>\n<p>Amis depuis plusieurs ann\u00e9es, ils collaborent maintenant depuis 3 ans dans l&rsquo;enseignement de la bachata et de la salsa. Ils donnent cours dans diff\u00e9rents \u00e9coles et associations ainsi que lors d&rsquo;\u00e9v\u00e9nements sur Paris et sa r\u00e9gion.<\/p>\n<p>Technique, patience et douceur repr\u00e9sentent parfaitement l&rsquo;enseignement de <strong>Cl\u00e9ment<\/strong>. Ancien musicien et form\u00e9 \u00e0 l&rsquo;\u00e9cole Salsabor Paris, il vous transmettra sa passion pour la danse en alliant technicit\u00e9 et musicalit\u00e9.<\/p>\n<p>Passionn\u00e9e de danse depuis son plus jeune \u00e2ge, <strong>C\u00e9line<\/strong> a acquis un savoir-faire alliant le classique, le moderne jazz et l&rsquo;ensemble des danses afro-carib\u00e9ennes. A travers son enthousiasme et sa bonne humeur, elle vous transmettra sa passion.<\/p>\n<p><a href=\"https:\/\/www.instagram.com\/clement_dancer\">instagram de Cl\u00e9ment<\/a><\/p>\n<p><a href=\"https:\/\/instagram.com\/celine_bachdance?igshid=ZDc4ODBmNjlmNQ==\">instagram de C\u00e9line<\/a><\/p>\n<p><a href=\"https:\/\/www.facebook.com\/celine.binzenbach\">facebook de C\u00e9line<\/a><\/p>\n<hr \/>\n<h1>Mayra &amp; Fabian<\/h1>\n<p><strong>Cours de Tango le jeudi<\/strong><\/p>\n<p><img  title=\"\" loading=\"lazy\" decoding=\"async\" class=\" wp-image-3314 aligncenter\" src=\"https:\/\/test.ovildanse.fr\/draft\/wp-content\/uploads\/2025\/08\/mayfabi.jpg\"  alt=\"mayfabi Professeurs\"  width=\"389\" height=\"504\" \/><\/p>\n<p>Nous proposons des cours de tango ax\u00e9s sur la connexion, l\u2019\u00e9coute dans le couple, et le plaisir de danser. L\u2019accent est mis sur la musicalit\u00e9, la qualit\u00e9 du mouvement (travail technique) , et la compr\u00e9hension des deux r\u00f4les.<\/p>\n<p>Les cours sont ouverts \u00e0 tous les niveaux, avec une p\u00e9dagogie progressive et bienveillante.<\/p>\n<p>Liens utiles :<\/p>\n<p><a href=\"https:\/\/www.facebook.com\/share\/1BYV7FGeJA\/\">https:\/\/www.facebook.com\/share\/1BYV7FGeJA\/<\/a><br \/>\n<a href=\"https:\/\/www.instagram.com\/mayfabi.tango?igsh=ZmpxMzh2NHduamo2\">https:\/\/www.instagram.com\/mayfabi.tango?igsh=ZmpxMzh2NHduamo2<\/a><\/p>\n<hr \/>\n<h1>Ad\u00e9la\u00efde<\/h1>\n<p><strong>Cours de Pilates et Yoga le dimanche<\/strong><\/p>\n<p data-wp-editing=\"1\"><img loading=\"lazy\" decoding=\"async\" class=\"aligncenter wp-image-2648\"  title=\"\"  src=\"https:\/\/test.ovildanse.fr\/draft\/wp-content\/uploads\/2023\/09\/ad-sophro.jpg\"  alt=\"ad-sophro Professeurs\"  width=\"450\" height=\"435\" \/><\/p>\n<p>Apr\u00e8s 10 ans dans le coaching sportif, et apr\u00e8s avoir accompagn\u00e9 des athl\u00e8tes dans leur pr\u00e9paration physique, j&rsquo;ai choisi d&rsquo;orienter mon m\u00e9tier et ma passion, vers l&rsquo;accompagnement Bien Etre.<\/p>\n<p>Aujourd&rsquo;hui je privil\u00e9gie l&rsquo;accompagnement en Yoga Vinyasa, une discipline qui permet de lib\u00e9rer des tensions physiques et mentales accumul\u00e9es gr\u00e2ce \u00e0 des exercices de respiration, \u00e0 des enchainements de posture et \u00e0 des exercices de relaxation. Une discipline qui favorise l&rsquo;union du corps et de l&rsquo;esprit.<\/p>\n<p>Je suis aussi certifi\u00e9e en Pilates 1 &amp; 2. Une m\u00e9thode d&rsquo;entrainement qui constitue un syst\u00e8me de conditionnement mental et physique. Ce conditionnement permet de mettre en place des r\u00e9flexes pour renforcer le corps, r\u00e9duire le stress et procurer un sentiment durable de bien \u00eatre.<\/p>\n<p>Dipl\u00f4m\u00e9e en Sophrologie, je propose durant les s\u00e9ances plein d&rsquo;astuces pour trouver le calme et la s\u00e9r\u00e9nit\u00e9. Toujours dans l&rsquo;envie d&rsquo;accompagner vers le Bien Etre !<\/p>\n","protected":false},"excerpt":{"rendered":"<p>Aurore et Romain Cours de West Coast Swing le mercredi Professeurs exp\u00e9riment\u00e9s et passionn\u00e9s de West Coast Swing,\u00a0Aurore, danseuse de profession, dispose de nombreuses ann\u00e9es d&rsquo;exp\u00e9rience dans l&rsquo;enseignement et la pratique de cette danse. Romain commence le west coast swing et acquiert tr\u00e8s vite un niveau solide, force de travail et de passion afin de [&hellip;]<\/p>\n","protected":false},"author":1,"featured_media":0,"parent":0,"menu_order":40,"comment_status":"closed","ping_status":"closed","template":"","meta":{"footnotes":""},"class_list":["post-8","page","type-page","status-publish","hentry"],"_links":{"self":[{"href":"https:\/\/test.ovildanse.fr\/draft\/index.php\/wp-json\/wp\/v2\/pages\/8","targetHints":{"allow":["GET"]}}],"collection":[{"href":"https:\/\/test.ovildanse.fr\/draft\/index.php\/wp-json\/wp\/v2\/pages"}],"about":[{"href":"https:\/\/test.ovildanse.fr\/draft\/index.php\/wp-json\/wp\/v2\/types\/page"}],"author":[{"embeddable":true,"href":"https:\/\/test.ovildanse.fr\/draft\/index.php\/wp-json\/wp\/v2\/users\/1"}],"replies":[{"embeddable":true,"href":"https:\/\/test.ovildanse.fr\/draft\/index.php\/wp-json\/wp\/v2\/comments?post=8"}],"version-history":[{"count":0,"href":"https:\/\/test.ovildanse.fr\/draft\/index.php\/wp-json\/wp\/v2\/pages\/8\/revisions"}],"wp:attachment":[{"href":"https:\/\/test.ovildanse.fr\/draft\/index.php\/wp-json\/wp\/v2\/media?parent=8"}],"curies":[{"name":"wp","href":"https:\/\/api.w.org\/{rel}","templated":true}]}}