{"id":52,"date":"2015-10-01T09:24:45","date_gmt":"2015-10-01T08:24:45","guid":{"rendered":"http:\/\/wp.ovildanse.fr\/?page_id=2"},"modified":"2015-10-01T09:24:45","modified_gmt":"2015-10-01T08:24:45","slug":"qui-sommes-nous","status":"publish","type":"page","link":"https:\/\/test.ovildanse.fr\/draft\/index.php\/qui-sommes-nous\/","title":{"rendered":"Qui sommes-nous?"},"content":{"rendered":"<p>Ovil&rsquo;Danse est une association r\u00e9gie par la loi du 1er juillet 1901 qui compte plus de 200 adh\u00e9rents.<br \/>\nL&rsquo;association permet aux ovillois et habitant des communes proches de faire connaissance, se retrouver et partager des moments en organisant et proposant des activit\u00e9s autour du th\u00e8me de la danse :<\/p>\n<p><big>Les Statuts<br \/>\n<\/big>T\u00e9l\u00e9chargez les <a href=\"\/draft\/wp-content\/uploads\/2015\/12\/statuts.pdf\" target=\"_blank\" rel=\"noopener\">statuts<\/a> de l&rsquo;association en pdf.<\/p>\n","protected":false},"excerpt":{"rendered":"<p>Ovil&rsquo;Danse est une association r\u00e9gie par la loi du 1er juillet 1901 qui compte plus de 200 adh\u00e9rents. L&rsquo;association permet aux ovillois et habitant des communes proches de faire connaissance, se retrouver et partager des moments en organisant et proposant des activit\u00e9s autour du th\u00e8me de la danse : Les Statuts T\u00e9l\u00e9chargez les statuts de [&hellip;]<\/p>\n","protected":false},"author":1,"featured_media":0,"parent":0,"menu_order":20,"comment_status":"closed","ping_status":"closed","template":"","meta":{"footnotes":""},"class_list":["post-52","page","type-page","status-publish","hentry"],"_links":{"self":[{"href":"https:\/\/test.ovildanse.fr\/draft\/index.php\/wp-json\/wp\/v2\/pages\/52","targetHints":{"allow":["GET"]}}],"collection":[{"href":"https:\/\/test.ovildanse.fr\/draft\/index.php\/wp-json\/wp\/v2\/pages"}],"about":[{"href":"https:\/\/test.ovildanse.fr\/draft\/index.php\/wp-json\/wp\/v2\/types\/page"}],"author":[{"embeddable":true,"href":"https:\/\/test.ovildanse.fr\/draft\/index.php\/wp-json\/wp\/v2\/users\/1"}],"replies":[{"embeddable":true,"href":"https:\/\/test.ovildanse.fr\/draft\/index.php\/wp-json\/wp\/v2\/comments?post=52"}],"version-history":[{"count":0,"href":"https:\/\/test.ovildanse.fr\/draft\/index.php\/wp-json\/wp\/v2\/pages\/52\/revisions"}],"wp:attachment":[{"href":"https:\/\/test.ovildanse.fr\/draft\/index.php\/wp-json\/wp\/v2\/media?parent=52"}],"curies":[{"name":"wp","href":"https:\/\/api.w.org\/{rel}","templated":true}]}}