{"id":419,"date":"2015-12-14T09:57:47","date_gmt":"2015-12-14T08:57:47","guid":{"rendered":"http:\/\/wp.ovildanse.fr\/?page_id=419"},"modified":"2015-12-14T09:57:47","modified_gmt":"2015-12-14T08:57:47","slug":"inscription","status":"publish","type":"page","link":"https:\/\/test.ovildanse.fr\/draft\/index.php\/inscription\/","title":{"rendered":"Inscription"},"content":{"rendered":"\n<p>Ovil&rsquo;Danse est une association \u00e0 but non lucratif affili\u00e9e \u00e0 la <a href=\"http:\/\/www.fededanse.fr\/\" target=\"_blank\" rel=\"noopener noreferrer\">FSD<\/a>.&nbsp;Les prestations ne sont accessibles qu&rsquo;aux seuls adh\u00e9rents qui s&rsquo;engagent \u00e0 l&rsquo;ann\u00e9e.<\/p>\n\n\n\n<p><strong><span style=\"color: #00FF00;\"><span style=\"font-size: 16pt;\">OUVERTURE des inscriptions pour la saison 2025-2026 !<\/span><\/span><\/strong><\/p>\n\n\n\n<p>Port\u00e9s par l&rsquo;enthousiasme de nos adh\u00e9rents, nous reconduisons la m\u00eame programmation de nos cours pour cette nouvelle saison. Toujours avec nos incontournables cours de <strong><em>SALSA Cubaine<\/em><\/strong>, <strong><em>BACHATA<\/em><\/strong>, <strong><em>KIZOMBA<\/em><\/strong>, <strong><em>WEST COAST SWING<\/em><\/strong>, <strong><em>ZUMBA<\/em><\/strong> et <strong><em>PILATES<\/em><\/strong>, nous confirmons la poursuite des cours de <strong><em>TANGO Argentin<\/em><\/strong>, <strong><em>YOGA Vinyasa<\/em><\/strong> et <strong><em>ROCK<\/em><\/strong>.<\/p>\n\n\n\n<p class=\"has-text-color\" style=\"color:#f55400\"><span style=\"color: #E67E22;\"><strong><em><strong><em>ATTENTION&nbsp;: Quelques ajustements dans la grille de cours<\/em><\/strong><\/em><\/strong><\/span><\/p>\n\n\n\n<p>Afin de pouvoir r\u00e9pondre au mieux aux souhaits de nos adh\u00e9rents, nous avons enrichi les niveaux propos\u00e9s et adapt\u00e9 certains horaires.<\/p>\n\n\n\n<ul class=\"wp-block-list\"><li>La Salsa Cubaine, la Bachata, le Tango Argentin et le Rock sont propos\u00e9s sur 2 niveaux&nbsp;: d\u00e9butant et \u00e9volutif<\/li><li>La Kizomba et le West Coast Swing se d\u00e9clinent sur 3 niveaux&nbsp;: d\u00e9butant, interm\u00e9diaire et avanc\u00e9.<\/li><li>Le Pilates et le Yoga Vinyasa sont propos\u00e9s en semaine ou le week-end.<\/li><li>La Zumba va peut-\u00eatre \u00eatre compl\u00e9t\u00e9e par du Renforcement musculaire \/ Stretching.<\/li><\/ul>\n\n\n\n<p>Vous trouverez tout le d\u00e9tail des cours et des cr\u00e9neaux horaires dans la fiche Cotisations ci-apr\u00e8s.<br>Vous pouvez d&rsquo;ores et d\u00e9j\u00e0 vous pr\u00e9-inscrire en remplissant le formulaire ci-dessous.<\/p>\n\n\n\n<p>Nous vous donnons rendez-vous d\u00e8s le <strong>6 septembre<\/strong> au forum des associations et aux cours \u00e0 partir du <strong>8 septembre<\/strong>.<\/p>\n\n\n\n<p><b>Pour toute information, n&rsquo;h\u00e9sitez pas \u00e0 nous contacter \u00e0 <a href=\"mailto:contact@ovildanse.fr\">contact@ovildanse.fr<\/a>.<\/b><\/p>\n\n\n\n<p>T\u00e9l\u00e9chargez les documents pour l&rsquo;ann\u00e9e 2025 &#8211; 2026:<\/p>\n\n\n\n<ul class=\"wp-block-list\"><li><a rel=\"noreferrer noopener\" href=\"https:\/\/test.ovildanse.fr\/draft\/wp-content\/uploads\/2025\/07\/flyer-a5-2025.pdf\" target=\"_blank\">La pr\u00e9sentation du programme<\/a><\/li><li><a rel=\"noreferrer noopener\" href=\"https:\/\/test.ovildanse.fr\/draft\/wp-content\/uploads\/2025\/07\/cotisations-2025-2026.pdf\" target=\"_blank\">La fiche de cotisation et horaires des cours<\/a><\/li><li><a rel=\"noreferrer noopener\" href=\"https:\/\/test.ovildanse.fr\/draft\/wp-content\/uploads\/2025\/07\/fiche-dinscription-2025-2026.pdf\" data-type=\"URL\" target=\"_blank\">La fiche d\u2019inscription<\/a> <\/li><\/ul>\n\n\n\n<p>Pour vous inscrire, remplissez le formulaire d&rsquo;inscription ci-dessous, puis exp\u00e9diez votre dossier complet (fiche d\u2019inscription compl\u00e9t\u00e9e et sign\u00e9e + r\u00e8glement) \u00e0 : Ovil&rsquo;Danse, 15 rue Ledru Rollin, 78800 Houilles<\/p>\n\n\n\n<p>R\u00e8glement :<\/p>\n\n\n\n<ul class=\"wp-block-list\"><li>Inscription et r\u00e8glement \u00e0 l&rsquo;ann\u00e9e<\/li><li>Les coupons ANCV sont accept\u00e9s<\/li><li>Sur demande, possibilit\u00e9 d&rsquo;encaissement en plusieurs fois<\/li><\/ul>\n\n\n\n<p>Le forfait d&rsquo;inscription aux cours de danse ou de fitness permet de participer <strong>gratuitement<\/strong> aux soir\u00e9es propos\u00e9es.<\/p>\n\n\n\n<p><p>Merci de remplir <strong>un formulaire d&rsquo;inscription par adh\u00e9rent <\/strong>(2 fiches en cas d\u2019inscription en couple) et de v\u00e9rifier que vous recevez bien<strong> son accus\u00e9 de r\u00e9ception<\/strong>.<\/p><span style=\"color: #ff0000;\">Les champs marqu\u00e9s d&rsquo;une * sont obligatoires.<\/span> [registration]<\/p>\n","protected":false},"excerpt":{"rendered":"<p>Ovil&rsquo;Danse est une association \u00e0 but non lucratif affili\u00e9e \u00e0 la FSD.&nbsp;Les prestations ne sont accessibles qu&rsquo;aux seuls adh\u00e9rents qui s&rsquo;engagent \u00e0 l&rsquo;ann\u00e9e. OUVERTURE des inscriptions pour la saison 2025-2026 ! Port\u00e9s par l&rsquo;enthousiasme de nos adh\u00e9rents, nous reconduisons la m\u00eame programmation de nos cours pour cette nouvelle saison. Toujours avec nos incontournables cours de [&hellip;]<\/p>\n","protected":false},"author":1,"featured_media":0,"parent":0,"menu_order":30,"comment_status":"closed","ping_status":"closed","template":"","meta":{"footnotes":""},"class_list":["post-419","page","type-page","status-publish","hentry"],"_links":{"self":[{"href":"https:\/\/test.ovildanse.fr\/draft\/index.php\/wp-json\/wp\/v2\/pages\/419","targetHints":{"allow":["GET"]}}],"collection":[{"href":"https:\/\/test.ovildanse.fr\/draft\/index.php\/wp-json\/wp\/v2\/pages"}],"about":[{"href":"https:\/\/test.ovildanse.fr\/draft\/index.php\/wp-json\/wp\/v2\/types\/page"}],"author":[{"embeddable":true,"href":"https:\/\/test.ovildanse.fr\/draft\/index.php\/wp-json\/wp\/v2\/users\/1"}],"replies":[{"embeddable":true,"href":"https:\/\/test.ovildanse.fr\/draft\/index.php\/wp-json\/wp\/v2\/comments?post=419"}],"version-history":[{"count":0,"href":"https:\/\/test.ovildanse.fr\/draft\/index.php\/wp-json\/wp\/v2\/pages\/419\/revisions"}],"wp:attachment":[{"href":"https:\/\/test.ovildanse.fr\/draft\/index.php\/wp-json\/wp\/v2\/media?parent=419"}],"curies":[{"name":"wp","href":"https:\/\/api.w.org\/{rel}","templated":true}]}}