{"id":3364,"date":"2025-09-18T22:54:38","date_gmt":"2025-09-18T21:54:38","guid":{"rendered":"https:\/\/www.ovildanse.fr\/?page_id=3364"},"modified":"2026-01-08T15:47:12","modified_gmt":"2026-01-08T15:47:12","slug":"nos-tarifs","status":"publish","type":"page","link":"https:\/\/test.ovildanse.fr\/draft\/index.php\/nos-tarifs\/","title":{"rendered":"Nos Tarifs 2025\/2026"},"content":{"rendered":"\n<p><strong><br>Forfaits COURS annuels (incluant nos soir\u00e9es)<br><\/strong><em>1 cours = 1 activit\u00e9 Danse ou Fitness<\/em><\/p>\n\n\n\n<figure class=\"wp-block-table is-style-stripes\"><table class=\"has-fixed-layout\"><tbody><tr><td><strong>FORMULE<\/strong><\/td><td><strong>1 cours<\/strong><\/td><td><strong>2 cours<\/strong><\/td><td><strong>3 cours<\/strong><\/td><td><strong>4 cours<\/strong><\/td><\/tr><tr><td>En Solo<\/td><td>195 \u20ac<\/td><td>295 \u20ac<\/td><td>365 \u20ac<\/td><td>405 \u20ac<\/td><\/tr><tr><td>En Couple<\/td><td>360 \u20ac<\/td><td>530 \u20ac<\/td><td>640 \u20ac<\/td><td>690 \u20ac<\/td><\/tr><\/tbody><\/table><\/figure>\n\n\n\n<p>Nb de sessions au total par cours sur l&rsquo;ann\u00e9e<strong> :<br><\/strong>Cours en semaine : <strong>27 sessions<\/strong><br>Cours le dimanche : <strong>25 sessions<br><\/strong><em>(pas de cours durant les vacances scolaires)<\/em><strong><br><br><\/strong>Si vous prenez une formule COURS \ud83d\ude42 :<br>\u2022 Le forfait couple est r\u00e9serv\u00e9 aux cours de danse <strong>dans le m\u00eame niveau<\/strong><br>\u2022 Remise formule pour un cours disput\u00e9 le dimanche : &#8211; 10 \u20ac <br>\u2022 Remise formule un Etudiant\/Ch\u00f4meur : &#8211; 30 \u20ac<\/p>\n\n\n\n<p><strong>Les inscriptions et r\u00e8glement s&rsquo;effectuent pour l\u2019ann\u00e9e compl\u00e8te<\/strong><br>Possibilit\u00e9 de r\u00e9gler en coupons ANCV<\/p>\n\n\n\n<p><em>Les tarifs indiqu\u00e9s couvrent tous les cours de l\u2019ann\u00e9e, selon la formule choisie, ainsi que l\u2019adh\u00e9sion \u00e0 l\u2019association (60 \u20ac : assurance FSD et Sacem). <\/em><\/p>\n","protected":false},"excerpt":{"rendered":"<p>Forfaits COURS annuels (incluant nos soir\u00e9es)1 cours = 1 activit\u00e9 Danse ou Fitness FORMULE 1 cours 2 cours 3 cours 4 cours En Solo 195 \u20ac 295 \u20ac 365 \u20ac 405 \u20ac En Couple 360 \u20ac 530 \u20ac 640 \u20ac 690 \u20ac Nb de sessions au total par cours sur l&rsquo;ann\u00e9e :Cours en semaine : [&hellip;]<\/p>\n","protected":false},"author":1,"featured_media":0,"parent":0,"menu_order":0,"comment_status":"closed","ping_status":"closed","template":"","meta":{"footnotes":""},"class_list":["post-3364","page","type-page","status-publish","hentry"],"_links":{"self":[{"href":"https:\/\/test.ovildanse.fr\/draft\/index.php\/wp-json\/wp\/v2\/pages\/3364","targetHints":{"allow":["GET"]}}],"collection":[{"href":"https:\/\/test.ovildanse.fr\/draft\/index.php\/wp-json\/wp\/v2\/pages"}],"about":[{"href":"https:\/\/test.ovildanse.fr\/draft\/index.php\/wp-json\/wp\/v2\/types\/page"}],"author":[{"embeddable":true,"href":"https:\/\/test.ovildanse.fr\/draft\/index.php\/wp-json\/wp\/v2\/users\/1"}],"replies":[{"embeddable":true,"href":"https:\/\/test.ovildanse.fr\/draft\/index.php\/wp-json\/wp\/v2\/comments?post=3364"}],"version-history":[{"count":2,"href":"https:\/\/test.ovildanse.fr\/draft\/index.php\/wp-json\/wp\/v2\/pages\/3364\/revisions"}],"predecessor-version":[{"id":3822,"href":"https:\/\/test.ovildanse.fr\/draft\/index.php\/wp-json\/wp\/v2\/pages\/3364\/revisions\/3822"}],"wp:attachment":[{"href":"https:\/\/test.ovildanse.fr\/draft\/index.php\/wp-json\/wp\/v2\/media?parent=3364"}],"curies":[{"name":"wp","href":"https:\/\/api.w.org\/{rel}","templated":true}]}}