{"id":2137,"date":"2020-01-27T22:21:57","date_gmt":"2020-01-27T21:21:57","guid":{"rendered":"https:\/\/www.ovildanse.fr\/?page_id=2137"},"modified":"2026-01-05T14:58:03","modified_gmt":"2026-01-05T14:58:03","slug":"contactez-nous","status":"publish","type":"page","link":"https:\/\/test.ovildanse.fr\/draft\/index.php\/contactez-nous\/","title":{"rendered":"Contactez-nous:"},"content":{"rendered":"\n<p>Vous avez une question ? N&rsquo;h\u00e9sitez pas \u00e0 nous la poser.<\/p>\n\n\n<style id=\"wpforms-css-vars-3761-block-6a1e7216-540f-4147-b78e-9029b4f2586b\">\n\t\t\t\t#wpforms-3761.wpforms-block-6a1e7216-540f-4147-b78e-9029b4f2586b {\n\t\t\t\t--wpforms-field-size-input-height: 43px;\n--wpforms-field-size-input-spacing: 15px;\n--wpforms-field-size-font-size: 16px;\n--wpforms-field-size-line-height: 19px;\n--wpforms-field-size-padding-h: 14px;\n--wpforms-field-size-checkbox-size: 16px;\n--wpforms-field-size-sublabel-spacing: 5px;\n--wpforms-field-size-icon-size: 1;\n--wpforms-label-size-font-size: 16px;\n--wpforms-label-size-line-height: 19px;\n--wpforms-label-size-sublabel-font-size: 14px;\n--wpforms-label-size-sublabel-line-height: 17px;\n--wpforms-button-size-font-size: 17px;\n--wpforms-button-size-height: 41px;\n--wpforms-button-size-padding-h: 15px;\n--wpforms-button-size-margin-top: 10px;\n\t\t\t}\n\t\t\t<\/style><div class=\"wpforms-container wpforms-container-full wpforms-block wpforms-block-6a1e7216-540f-4147-b78e-9029b4f2586b wpforms-render-modern\" id=\"wpforms-3761\"><form id=\"wpforms-form-3761\" class=\"wpforms-validate wpforms-form wpforms-ajax-form\" data-formid=\"3761\" method=\"post\" enctype=\"multipart\/form-data\" action=\"\/draft\/index.php\/wp-json\/wp\/v2\/pages\/2137\" data-token=\"3807a00026207d627f860de9ca82a19a\" data-token-time=\"1776218739\"><noscript class=\"wpforms-error-noscript\">Veuillez activer JavaScript dans votre navigateur pour remplir ce formulaire.<\/noscript><div id=\"wpforms-error-noscript\" style=\"display: none;\">Veuillez activer JavaScript dans votre navigateur pour remplir ce formulaire.<\/div><div class=\"wpforms-field-container\"><div id=\"wpforms-3761-field_1-container\" class=\"wpforms-field wpforms-field-name\" data-field-id=\"1\"><label class=\"wpforms-field-label\" for=\"wpforms-3761-field_1\">Nom <span class=\"wpforms-required-label\" aria-hidden=\"true\">*<\/span><\/label><input type=\"text\" id=\"wpforms-3761-field_1\" class=\"wpforms-field-medium wpforms-field-required\" name=\"wpforms[fields][1]\" aria-errormessage=\"wpforms-3761-field_1-error\" required><\/div>\t\t<div id=\"wpforms-3761-field_4-container\"\n\t\t\tclass=\"wpforms-field wpforms-field-text\"\n\t\t\tdata-field-type=\"text\"\n\t\t\tdata-field-id=\"4\"\n\t\t\t>\n\t\t\t<label class=\"wpforms-field-label\" for=\"wpforms-3761-field_4\" >Message Pr\u00e9nom Nom<\/label>\n\t\t\t<input type=\"text\" id=\"wpforms-3761-field_4\" class=\"wpforms-field-medium\" name=\"wpforms[fields][4]\" >\n\t\t<\/div>\n\t\t<div id=\"wpforms-3761-field_6-container\" class=\"wpforms-field wpforms-field-name\" data-field-id=\"6\"><label class=\"wpforms-field-label\" for=\"wpforms-3761-field_6\">Pr\u00e9nom <span class=\"wpforms-required-label\" aria-hidden=\"true\">*<\/span><\/label><input type=\"text\" id=\"wpforms-3761-field_6\" class=\"wpforms-field-medium wpforms-field-required\" name=\"wpforms[fields][6]\" aria-errormessage=\"wpforms-3761-field_6-error\" required><\/div><div id=\"wpforms-3761-field_2-container\" class=\"wpforms-field wpforms-field-email\" data-field-id=\"2\"><label class=\"wpforms-field-label\" for=\"wpforms-3761-field_2\">E-mail <span class=\"wpforms-required-label\" aria-hidden=\"true\">*<\/span><\/label><input type=\"email\" id=\"wpforms-3761-field_2\" class=\"wpforms-field-medium wpforms-field-required\" name=\"wpforms[fields][2]\" spellcheck=\"false\" aria-errormessage=\"wpforms-3761-field_2-error\" required><\/div><div id=\"wpforms-3761-field_3-container\" class=\"wpforms-field wpforms-field-textarea\" data-field-id=\"3\"><label class=\"wpforms-field-label\" for=\"wpforms-3761-field_3\">Message<\/label><textarea id=\"wpforms-3761-field_3\" class=\"wpforms-field-medium\" name=\"wpforms[fields][3]\" aria-errormessage=\"wpforms-3761-field_3-error\" ><\/textarea><\/div><script>\n\t\t\t\t( function() {\n\t\t\t\t\tconst style = document.createElement( 'style' );\n\t\t\t\t\tstyle.appendChild( document.createTextNode( '#wpforms-3761-field_4-container { position: absolute !important; overflow: hidden !important; display: inline !important; height: 1px !important; width: 1px !important; z-index: -1000 !important; padding: 0 !important; } #wpforms-3761-field_4-container input { visibility: hidden; } #wpforms-conversational-form-page #wpforms-3761-field_4-container label { counter-increment: none; }' ) );\n\t\t\t\t\tdocument.head.appendChild( style );\n\t\t\t\t\tdocument.currentScript?.remove();\n\t\t\t\t} )();\n\t\t\t<\/script><\/div><!-- .wpforms-field-container --><div class=\"wpforms-submit-container\" ><input type=\"hidden\" name=\"wpforms[id]\" value=\"3761\"><input type=\"hidden\" name=\"page_title\" value=\"\"><input type=\"hidden\" name=\"page_url\" value=\"https:\/\/test.ovildanse.fr\/draft\/index.php\/wp-json\/wp\/v2\/pages\/2137\"><input type=\"hidden\" name=\"url_referer\" value=\"\"><button type=\"submit\" name=\"wpforms[submit]\" id=\"wpforms-submit-3761\" class=\"wpforms-submit\" data-alt-text=\"Envoi...\" data-submit-text=\"Envoyer\" aria-live=\"assertive\" value=\"wpforms-submit\">Envoyer<\/button><img  title=\"\" loading=\"lazy\" decoding=\"async\" src=\"https:\/\/test.ovildanse.fr\/draft\/wp-content\/plugins\/wpforms-lite\/assets\/images\/submit-spin.svg\" class=\"wpforms-submit-spinner\" style=\"display: none;\" width=\"26\" height=\"26\"  alt=\"submit-spin Contactez-nous:\" ><\/div><\/form><\/div>  <!-- .wpforms-container -->\n\n\n<h2 class=\"wp-block-heading\">Par mail<\/h2>\n\n\n\n<p><a href=\"mailto:contact@ovildanse.fr\">contact@ovildanse.fr<\/a><\/p>\n\n\n\n<h2 class=\"wp-block-heading\">Sur Facebook<\/h2>\n\n\n\n<p><a href=\"https:\/\/www.facebook.com\/OvilDanse-243715110875132\">Notre page publique<\/a><br><a href=\"http:\/\/www.facebook.com\/groups\/ovildanse\/\">Le groupe priv\u00e9 pour les adh\u00e9rents<\/a><\/p>\n\n\n\n<h2 class=\"wp-block-heading\">Par courrier<\/h2>\n\n\n\n<p>15 rue Ledru Rollin<br>78800 Houilles<\/p>\n\n\n\n\n\n<p><\/p>\n","protected":false},"excerpt":{"rendered":"<p>Vous avez une question ? N&rsquo;h\u00e9sitez pas \u00e0 nous la poser. Par mail contact@ovildanse.fr Sur Facebook Notre page publiqueLe groupe priv\u00e9 pour les adh\u00e9rents Par courrier 15 rue Ledru Rollin78800 Houilles<\/p>\n","protected":false},"author":1,"featured_media":0,"parent":0,"menu_order":0,"comment_status":"closed","ping_status":"closed","template":"","meta":{"footnotes":""},"class_list":["post-2137","page","type-page","status-publish","hentry"],"_links":{"self":[{"href":"https:\/\/test.ovildanse.fr\/draft\/index.php\/wp-json\/wp\/v2\/pages\/2137","targetHints":{"allow":["GET"]}}],"collection":[{"href":"https:\/\/test.ovildanse.fr\/draft\/index.php\/wp-json\/wp\/v2\/pages"}],"about":[{"href":"https:\/\/test.ovildanse.fr\/draft\/index.php\/wp-json\/wp\/v2\/types\/page"}],"author":[{"embeddable":true,"href":"https:\/\/test.ovildanse.fr\/draft\/index.php\/wp-json\/wp\/v2\/users\/1"}],"replies":[{"embeddable":true,"href":"https:\/\/test.ovildanse.fr\/draft\/index.php\/wp-json\/wp\/v2\/comments?post=2137"}],"version-history":[{"count":6,"href":"https:\/\/test.ovildanse.fr\/draft\/index.php\/wp-json\/wp\/v2\/pages\/2137\/revisions"}],"predecessor-version":[{"id":3773,"href":"https:\/\/test.ovildanse.fr\/draft\/index.php\/wp-json\/wp\/v2\/pages\/2137\/revisions\/3773"}],"wp:attachment":[{"href":"https:\/\/test.ovildanse.fr\/draft\/index.php\/wp-json\/wp\/v2\/media?parent=2137"}],"curies":[{"name":"wp","href":"https:\/\/api.w.org\/{rel}","templated":true}]}}