{"id":1709,"date":"2018-10-02T21:41:42","date_gmt":"2018-10-02T20:41:42","guid":{"rendered":"https:\/\/www.ovildanse.fr\/?page_id=1709"},"modified":"2026-01-08T15:52:01","modified_gmt":"2026-01-08T15:52:01","slug":"photos-et-video","status":"publish","type":"page","link":"https:\/\/test.ovildanse.fr\/draft\/index.php\/photos-et-video\/","title":{"rendered":"Photos et Vid\u00e9os"},"content":{"rendered":"<p>Pour respecter la vie priv\u00e9e de nos adh\u00e9rents, toutes les photos et vid\u00e9os sont prot\u00e9g\u00e9es par mot de passe. Le mot de passe est communiqu\u00e9 par e-mail aux adh\u00e9rents courant octobre. Vous pouvez \u00e9galement la demander \u00e0 l&rsquo;adresse <a href=\"mailto:contact@ovildanse.fr\">contact@ovildanse.fr<\/a><\/p>\n<p>&#8211; <a href=\"https:\/\/test.ovildanse.fr\/draft\/index.php\/soiree-dete-2025\/\">Photos de la soir\u00e9e d&rsquo;\u00e9t\u00e9 2025 !<\/a><\/p>\n<p>&#8211; <a href=\"https:\/\/test.ovildanse.fr\/draft\/soiree-noel-2024\">Photos de la soir\u00e9e de No\u00ebl 2024<\/a><\/p>\n<p>&#8211; <a href=\"https:\/\/test.ovildanse.fr\/draft\/soiree-noel-2023\">Photos de la soir\u00e9e de No\u00ebl 2023<\/a><\/p>\n<p>&#8211; <a href=\"https:\/\/test.ovildanse.fr\/draft\/videos-2021\">Vid\u00e9os 2021<\/a><\/p>\n<p>&#8211; <a href=\"https:\/\/ovildanse.fr\/videos-salsa\">Vid\u00e9os des cours de Salsa 2019<\/a><\/p>\n<p>&#8211; <a href=\"https:\/\/ovildanse.fr\/videos-bachata\">Vid\u00e9os de cours de Bachata 2019<\/a><\/p>\n<p>&#8211; <a href=\"https:\/\/ovildanse.fr\/videos-wc\">Vid\u00e9os des cours de West Coast 2019<\/a><\/p>\n<p>&#8211; <a href=\"https:\/\/ovildanse.fr\/videos-des-stages\">Vid\u00e9os des Stages 2019<\/a><\/p>\n<p>&#8211; <a href=\"https:\/\/ovildanse.fr\/videos-berck\">Vid\u00e9os de Berck 2019<\/a><\/p>\n<p>&#8211; <a href=\"https:\/\/test.ovildanse.fr\/draft\/soiree-de-noel-2017\">Photos de la soir\u00e9e de No\u00ebl 2017<\/a><\/p>\n<p>&#8211; <a href=\"https:\/\/test.ovildanse.fr\/draft\/soiree-de-noel-2016\">Photos de la soir\u00e9e de No\u00ebl 2016<\/a><\/p>\n<p>&#8211; <a href=\"https:\/\/test.ovildanse.fr\/draft\/week-end-criel-sur-mer-2016\">Photos du Week-End Criel sur Mer 2016<\/a><\/p>\n<p>&#8211; <a href=\"https:\/\/test.ovildanse.fr\/draft\/soiree-de-fin-dannee-2015\">Photos de la soir\u00e9e de fin d&rsquo;Ann\u00e9e 2015<\/a><\/p>\n<p><span style=\"font-size: 10pt;\">Note: si vous d\u00e9cidez de t\u00e9l\u00e9charger des images sur le site, sachez qu&rsquo;il est interdit de diffuser ces images sans l&rsquo;accord explicite de toutes les personnes qui sont reconnaissables sur la photo.<\/span><\/p>\n","protected":false},"excerpt":{"rendered":"<p>Pour respecter la vie priv\u00e9e de nos adh\u00e9rents, toutes les photos et vid\u00e9os sont prot\u00e9g\u00e9es par mot de passe. Le mot de passe est communiqu\u00e9 par e-mail aux adh\u00e9rents courant octobre. Vous pouvez \u00e9galement la demander \u00e0 l&rsquo;adresse contact@ovildanse.fr &#8211; Photos de la soir\u00e9e d&rsquo;\u00e9t\u00e9 2025 ! &#8211; Photos de la soir\u00e9e de No\u00ebl 2024 [&hellip;]<\/p>\n","protected":false},"author":1,"featured_media":0,"parent":0,"menu_order":0,"comment_status":"closed","ping_status":"closed","template":"","meta":{"footnotes":""},"class_list":["post-1709","page","type-page","status-publish","hentry"],"_links":{"self":[{"href":"https:\/\/test.ovildanse.fr\/draft\/index.php\/wp-json\/wp\/v2\/pages\/1709","targetHints":{"allow":["GET"]}}],"collection":[{"href":"https:\/\/test.ovildanse.fr\/draft\/index.php\/wp-json\/wp\/v2\/pages"}],"about":[{"href":"https:\/\/test.ovildanse.fr\/draft\/index.php\/wp-json\/wp\/v2\/types\/page"}],"author":[{"embeddable":true,"href":"https:\/\/test.ovildanse.fr\/draft\/index.php\/wp-json\/wp\/v2\/users\/1"}],"replies":[{"embeddable":true,"href":"https:\/\/test.ovildanse.fr\/draft\/index.php\/wp-json\/wp\/v2\/comments?post=1709"}],"version-history":[{"count":1,"href":"https:\/\/test.ovildanse.fr\/draft\/index.php\/wp-json\/wp\/v2\/pages\/1709\/revisions"}],"predecessor-version":[{"id":3824,"href":"https:\/\/test.ovildanse.fr\/draft\/index.php\/wp-json\/wp\/v2\/pages\/1709\/revisions\/3824"}],"wp:attachment":[{"href":"https:\/\/test.ovildanse.fr\/draft\/index.php\/wp-json\/wp\/v2\/media?parent=1709"}],"curies":[{"name":"wp","href":"https:\/\/api.w.org\/{rel}","templated":true}]}}