{"id":1620,"date":"2017-12-15T23:33:11","date_gmt":"2017-12-15T22:33:11","guid":{"rendered":"https:\/\/www.ovildanse.fr\/?page_id=1620"},"modified":"2026-01-23T17:30:40","modified_gmt":"2026-01-23T17:30:40","slug":"les-cours-animations-stages-et-soirees","status":"publish","type":"page","link":"https:\/\/test.ovildanse.fr\/draft\/index.php\/les-cours-animations-stages-et-soirees\/","title":{"rendered":"Cours, stages et soir\u00e9es"},"content":{"rendered":"\n<p><span style=\"font-family: georgia, palatino, serif;\">Ovil&rsquo;Danse propose \u00e0 ses adh\u00e9rents des cours \u00e0 l&rsquo;ann\u00e9e (hors p\u00e9riode de vacances scolaires) de : <\/span><span style=\"font-size: 10pt; font-family: georgia, palatino, serif;\">(voir calendrier)<\/span><\/p>\n\n\n\n<p><strong><span style=\"font-size: 14pt; font-family: georgia, palatino, serif;\"><big>Cours de danse<\/big><\/span><\/strong><\/p>\n\n\n\n<div class=\"wp-block-columns is-layout-flex wp-container-core-columns-is-layout-9d6595d7 wp-block-columns-is-layout-flex\">\n<div class=\"wp-block-column is-vertically-aligned-center is-layout-flow wp-block-column-is-layout-flow\" style=\"flex-basis:15%\"><div class=\"wp-block-image\">\n<figure class=\"aligncenter size-full is-resized\"><img  title=\"\" loading=\"lazy\" decoding=\"async\" width=\"255\" height=\"472\" src=\"http:\/\/test.ovildanse.fr\/draft\/wp-content\/uploads\/2026\/01\/Salsa-1.jpg\"  alt=\"Salsa-1 Cours, stages et soir\u00e9es\"  class=\"wp-image-3855\" style=\"width:150px\" srcset=\"https:\/\/test.ovildanse.fr\/draft\/wp-content\/uploads\/2026\/01\/Salsa-1.jpg 255w, https:\/\/test.ovildanse.fr\/draft\/wp-content\/uploads\/2026\/01\/Salsa-1-162x300.jpg 162w\" sizes=\"auto, (max-width: 255px) 100vw, 255px\" \/><\/figure>\n<\/div><\/div>\n\n\n\n<div class=\"wp-block-column is-vertically-aligned-center is-layout-flow wp-block-column-is-layout-flow\" style=\"flex-basis:85%\">\n<p><strong>Salsa Cubaine<\/strong> : d\u00e9butant (le mercredi soir)  \u00e9volutif (le mardi soir)<\/p>\n<\/div>\n<\/div>\n\n\n\n<div class=\"wp-block-columns are-vertically-aligned-center is-layout-flex wp-container-core-columns-is-layout-9d6595d7 wp-block-columns-is-layout-flex\">\n<div class=\"wp-block-column is-vertically-aligned-center is-layout-flow wp-block-column-is-layout-flow\" style=\"flex-basis:15%\"><div class=\"wp-block-image\">\n<figure class=\"aligncenter is-resized\"><img  title=\"\" loading=\"lazy\" decoding=\"async\" width=\"271\" height=\"460\" src=\"http:\/\/test.ovildanse.fr\/draft\/wp-content\/uploads\/2026\/01\/Batchata.jpg\"  alt=\"Batchata Cours, stages et soir\u00e9es\"  class=\"wp-image-3840\" style=\"width:150px\" srcset=\"https:\/\/test.ovildanse.fr\/draft\/wp-content\/uploads\/2026\/01\/Batchata.jpg 271w, https:\/\/test.ovildanse.fr\/draft\/wp-content\/uploads\/2026\/01\/Batchata-177x300.jpg 177w\" sizes=\"auto, (max-width: 271px) 100vw, 271px\" \/><\/figure>\n<\/div><\/div>\n\n\n\n<div class=\"wp-block-column is-vertically-aligned-center is-layout-flow wp-block-column-is-layout-flow\" style=\"flex-basis:85%\">\n<p class=\"has-text-align-left\"><strong>Bachata<\/strong> : d\u00e9butant et \u00e9volutif (le mardi soir)<\/p>\n<\/div>\n<\/div>\n\n\n\n<div class=\"wp-block-columns are-vertically-aligned-center has-medium-font-size is-layout-flex wp-container-core-columns-is-layout-9d6595d7 wp-block-columns-is-layout-flex\">\n<div class=\"wp-block-column is-vertically-aligned-center is-layout-flow wp-block-column-is-layout-flow\" style=\"flex-basis:15%\"><div class=\"wp-block-image\">\n<figure class=\"aligncenter is-resized\"><img  title=\"\" loading=\"lazy\" decoding=\"async\" width=\"271\" height=\"499\" src=\"http:\/\/test.ovildanse.fr\/draft\/wp-content\/uploads\/2026\/01\/Kizomba.jpg\"  alt=\"Kizomba Cours, stages et soir\u00e9es\"  class=\"wp-image-3841\" style=\"width:150px\" srcset=\"https:\/\/test.ovildanse.fr\/draft\/wp-content\/uploads\/2026\/01\/Kizomba.jpg 271w, https:\/\/test.ovildanse.fr\/draft\/wp-content\/uploads\/2026\/01\/Kizomba-163x300.jpg 163w\" sizes=\"auto, (max-width: 271px) 100vw, 271px\" \/><\/figure>\n<\/div><\/div>\n\n\n\n<div class=\"wp-block-column is-vertically-aligned-center is-layout-flow wp-block-column-is-layout-flow\" style=\"flex-basis:85%\">\n<p class=\"has-text-align-left has-medium-font-size\"><strong>Kizomba <\/strong>: d\u00e9butant, interm\u00e9diaire et avanc\u00e9 (le lundi soir)<\/p>\n<\/div>\n<\/div>\n\n\n\n<div class=\"wp-block-columns are-vertically-aligned-center is-layout-flex wp-container-core-columns-is-layout-9d6595d7 wp-block-columns-is-layout-flex\">\n<div class=\"wp-block-column is-vertically-aligned-center is-layout-flow wp-block-column-is-layout-flow\" style=\"flex-basis:15%\"><div class=\"wp-block-image\">\n<figure class=\"aligncenter is-resized\"><img  title=\"\" loading=\"lazy\" decoding=\"async\" width=\"735\" height=\"1024\" src=\"http:\/\/test.ovildanse.fr\/draft\/wp-content\/uploads\/2026\/01\/tango-735x1024.jpg\"  alt=\"tango-735x1024 Cours, stages et soir\u00e9es\"  class=\"wp-image-3848\" style=\"width:150px\" srcset=\"https:\/\/test.ovildanse.fr\/draft\/wp-content\/uploads\/2026\/01\/tango-735x1024.jpg 735w, https:\/\/test.ovildanse.fr\/draft\/wp-content\/uploads\/2026\/01\/tango-215x300.jpg 215w, https:\/\/test.ovildanse.fr\/draft\/wp-content\/uploads\/2026\/01\/tango-768x1070.jpg 768w, https:\/\/test.ovildanse.fr\/draft\/wp-content\/uploads\/2026\/01\/tango.jpg 960w\" sizes=\"auto, (max-width: 735px) 100vw, 735px\" \/><\/figure>\n<\/div><\/div>\n\n\n\n<div class=\"wp-block-column is-vertically-aligned-center is-layout-flow wp-block-column-is-layout-flow\" style=\"flex-basis:85%\">\n<p class=\"has-text-align-left\"><strong>Tango <\/strong>: d\u00e9butant et \u00e9volutif (le jeudi soir)<\/p>\n<\/div>\n<\/div>\n\n\n\n<div class=\"wp-block-columns are-vertically-aligned-center is-layout-flex wp-container-core-columns-is-layout-9d6595d7 wp-block-columns-is-layout-flex\">\n<div class=\"wp-block-column is-vertically-aligned-center is-layout-flow wp-block-column-is-layout-flow\" style=\"flex-basis:15%\"><div class=\"wp-block-image\">\n<figure class=\"aligncenter is-resized\"><img  title=\"\" loading=\"lazy\" decoding=\"async\" width=\"244\" height=\"424\" src=\"http:\/\/test.ovildanse.fr\/draft\/wp-content\/uploads\/2026\/01\/west-coast.jpg\"  alt=\"west-coast Cours, stages et soir\u00e9es\"  class=\"wp-image-3845\" style=\"width:150px\" srcset=\"https:\/\/test.ovildanse.fr\/draft\/wp-content\/uploads\/2026\/01\/west-coast.jpg 244w, https:\/\/test.ovildanse.fr\/draft\/wp-content\/uploads\/2026\/01\/west-coast-173x300.jpg 173w\" sizes=\"auto, (max-width: 244px) 100vw, 244px\" \/><\/figure>\n<\/div><\/div>\n\n\n\n<div class=\"wp-block-column is-vertically-aligned-center is-layout-flow wp-block-column-is-layout-flow\" style=\"flex-basis:85%\">\n<p class=\"has-text-align-left\"><strong>West Coast Swing<\/strong> : d\u00e9butant, interm\u00e9diaire et \u00e9volutif (le mercredi soir)<\/p>\n<\/div>\n<\/div>\n\n\n\n<div class=\"wp-block-columns are-vertically-aligned-center is-layout-flex wp-container-core-columns-is-layout-9d6595d7 wp-block-columns-is-layout-flex\">\n<div class=\"wp-block-column is-vertically-aligned-center is-layout-flow wp-block-column-is-layout-flow\" style=\"flex-basis:15%\"><div class=\"wp-block-image\">\n<figure class=\"aligncenter is-resized\"><img  title=\"\" loading=\"lazy\" decoding=\"async\" width=\"286\" height=\"454\" src=\"http:\/\/test.ovildanse.fr\/draft\/wp-content\/uploads\/2026\/01\/Rock.jpg\"  alt=\"Rock Cours, stages et soir\u00e9es\"  class=\"wp-image-3843\" style=\"width:150px\" srcset=\"https:\/\/test.ovildanse.fr\/draft\/wp-content\/uploads\/2026\/01\/Rock.jpg 286w, https:\/\/test.ovildanse.fr\/draft\/wp-content\/uploads\/2026\/01\/Rock-189x300.jpg 189w\" sizes=\"auto, (max-width: 286px) 100vw, 286px\" \/><\/figure>\n<\/div><\/div>\n\n\n\n<div class=\"wp-block-column is-vertically-aligned-center is-layout-flow wp-block-column-is-layout-flow\" style=\"flex-basis:85%\">\n<p class=\"has-text-align-left\"><strong>Rock <\/strong>: d\u00e9butant et \u00e9volutif (le mercredi soir)<\/p>\n<\/div>\n<\/div>\n\n\n\n<p><strong><span style=\"font-size: 14pt; font-family: georgia, palatino, serif;\"><big>Cours de fitness<\/big><\/span><\/strong><\/p>\n\n\n\n<div class=\"wp-block-columns are-vertically-aligned-center is-layout-flex wp-container-core-columns-is-layout-9d6595d7 wp-block-columns-is-layout-flex\">\n<div class=\"wp-block-column is-vertically-aligned-center is-layout-flow wp-block-column-is-layout-flow\" style=\"flex-basis:15%\">\n<figure class=\"wp-block-image is-resized\"><img  title=\"\" loading=\"lazy\" decoding=\"async\" width=\"211\" height=\"496\" src=\"http:\/\/test.ovildanse.fr\/draft\/wp-content\/uploads\/2026\/01\/Zumba.jpg\"  alt=\"Zumba Cours, stages et soir\u00e9es\"  class=\"wp-image-3846\" style=\"aspect-ratio:0.4254252652908868;object-fit:cover;width:130px\" srcset=\"https:\/\/test.ovildanse.fr\/draft\/wp-content\/uploads\/2026\/01\/Zumba.jpg 211w, https:\/\/test.ovildanse.fr\/draft\/wp-content\/uploads\/2026\/01\/Zumba-128x300.jpg 128w\" sizes=\"auto, (max-width: 211px) 100vw, 211px\" \/><\/figure>\n<\/div>\n\n\n\n<div class=\"wp-block-column is-vertically-aligned-center is-layout-flow wp-block-column-is-layout-flow\" style=\"flex-basis:85%\">\n<p class=\"has-text-align-left\"><strong>Zumba <\/strong>(le lundi soir)<\/p>\n<\/div>\n<\/div>\n\n\n\n<div class=\"wp-block-columns are-vertically-aligned-center is-layout-flex wp-container-core-columns-is-layout-9d6595d7 wp-block-columns-is-layout-flex\">\n<div class=\"wp-block-column is-vertically-aligned-center is-layout-flow wp-block-column-is-layout-flow\" style=\"flex-basis:15%\">\n<figure class=\"wp-block-image is-resized\"><img  title=\"\" loading=\"lazy\" decoding=\"async\" width=\"880\" height=\"852\" src=\"http:\/\/test.ovildanse.fr\/draft\/wp-content\/uploads\/2026\/01\/f9789d04-5fe4-41dd-839a-5894c05f7b15.jpg\"  alt=\"f9789d04-5fe4-41dd-839a-5894c05f7b15 Cours, stages et soir\u00e9es\"  class=\"wp-image-3847\" style=\"width:200px\" srcset=\"https:\/\/test.ovildanse.fr\/draft\/wp-content\/uploads\/2026\/01\/f9789d04-5fe4-41dd-839a-5894c05f7b15.jpg 880w, https:\/\/test.ovildanse.fr\/draft\/wp-content\/uploads\/2026\/01\/f9789d04-5fe4-41dd-839a-5894c05f7b15-300x290.jpg 300w, https:\/\/test.ovildanse.fr\/draft\/wp-content\/uploads\/2026\/01\/f9789d04-5fe4-41dd-839a-5894c05f7b15-768x744.jpg 768w\" sizes=\"auto, (max-width: 880px) 100vw, 880px\" \/><\/figure>\n<\/div>\n\n\n\n<div class=\"wp-block-column is-vertically-aligned-center is-layout-flow wp-block-column-is-layout-flow\" style=\"flex-basis:85%\">\n<p><strong>Pilates <\/strong>(le dimanche matin et le jeudi soir)<\/p>\n\n\n\n<p><strong>Yoga <\/strong>(le dimanche matin et le jeudi soir)<\/p>\n<\/div>\n<\/div>\n\n\n\n<p><span style=\"font-family: georgia, palatino, serif;\"><big><span style=\"font-size: 16px;\">Enseignements dispens\u00e9s par des professeurs dipl\u00f4m\u00e9s.&nbsp;<\/span><\/big><\/span><\/p>\n\n\n\n<p><strong><span style=\"font-size: 14pt; font-family: georgia, palatino, serif;\"><big>2 grandes soir\u00e9es<\/big><\/span><\/strong><\/p>\n\n\n\n<ul class=\"wp-block-list\">\n<li><span style=\"font-family: georgia, palatino, serif;\"><strong>No\u00ebl&nbsp;et Juin (20h \u00e0 2h)<\/strong> : Grand buffet d\u00eenatoire, boissons soft \u00e0 volont\u00e9, champagne \u00e0 minuit, animations en cours de soir\u00e9e<\/span><\/li>\n<\/ul>\n\n\n\n<p>&nbsp;<\/p>\n\n\n\n<figure class=\"wp-block-image\"><img  title=\"\" loading=\"lazy\" decoding=\"async\" width=\"1024\" height=\"446\" src=\"http:\/\/test.ovildanse.fr\/draft\/wp-content\/uploads\/2026\/01\/cours-horaires-1024x446.png\"  alt=\"cours-horaires-1024x446 Cours, stages et soir\u00e9es\"  class=\"wp-image-3818\" srcset=\"https:\/\/test.ovildanse.fr\/draft\/wp-content\/uploads\/2026\/01\/cours-horaires-1024x446.png 1024w, https:\/\/test.ovildanse.fr\/draft\/wp-content\/uploads\/2026\/01\/cours-horaires-300x131.png 300w, https:\/\/test.ovildanse.fr\/draft\/wp-content\/uploads\/2026\/01\/cours-horaires-768x334.png 768w, https:\/\/test.ovildanse.fr\/draft\/wp-content\/uploads\/2026\/01\/cours-horaires-1536x669.png 1536w, https:\/\/test.ovildanse.fr\/draft\/wp-content\/uploads\/2026\/01\/cours-horaires-2048x891.png 2048w\" sizes=\"auto, (max-width: 1024px) 100vw, 1024px\" \/><\/figure>\n\n\n\n<p><\/p>\n","protected":false},"excerpt":{"rendered":"<p>Ovil&rsquo;Danse propose \u00e0 ses adh\u00e9rents des cours \u00e0 l&rsquo;ann\u00e9e (hors p\u00e9riode de vacances scolaires) de : (voir calendrier) Cours de danse Salsa Cubaine : d\u00e9butant (le mercredi soir) \u00e9volutif (le mardi soir) Bachata : d\u00e9butant et \u00e9volutif (le mardi soir) Kizomba : d\u00e9butant, interm\u00e9diaire et avanc\u00e9 (le lundi soir) Tango : d\u00e9butant et \u00e9volutif (le [&hellip;]<\/p>\n","protected":false},"author":1,"featured_media":0,"parent":0,"menu_order":0,"comment_status":"closed","ping_status":"closed","template":"","meta":{"footnotes":""},"class_list":["post-1620","page","type-page","status-publish","hentry"],"_links":{"self":[{"href":"https:\/\/test.ovildanse.fr\/draft\/index.php\/wp-json\/wp\/v2\/pages\/1620","targetHints":{"allow":["GET"]}}],"collection":[{"href":"https:\/\/test.ovildanse.fr\/draft\/index.php\/wp-json\/wp\/v2\/pages"}],"about":[{"href":"https:\/\/test.ovildanse.fr\/draft\/index.php\/wp-json\/wp\/v2\/types\/page"}],"author":[{"embeddable":true,"href":"https:\/\/test.ovildanse.fr\/draft\/index.php\/wp-json\/wp\/v2\/users\/1"}],"replies":[{"embeddable":true,"href":"https:\/\/test.ovildanse.fr\/draft\/index.php\/wp-json\/wp\/v2\/comments?post=1620"}],"version-history":[{"count":10,"href":"https:\/\/test.ovildanse.fr\/draft\/index.php\/wp-json\/wp\/v2\/pages\/1620\/revisions"}],"predecessor-version":[{"id":3866,"href":"https:\/\/test.ovildanse.fr\/draft\/index.php\/wp-json\/wp\/v2\/pages\/1620\/revisions\/3866"}],"wp:attachment":[{"href":"https:\/\/test.ovildanse.fr\/draft\/index.php\/wp-json\/wp\/v2\/media?parent=1620"}],"curies":[{"name":"wp","href":"https:\/\/api.w.org\/{rel}","templated":true}]}}